{"id":13,"date":"2023-09-15T19:05:34","date_gmt":"2023-09-15T19:05:34","guid":{"rendered":"https:\/\/test2.rjwebb.se\/?page_id=13"},"modified":"2024-05-04T08:19:38","modified_gmt":"2024-05-04T08:19:38","slug":"kroppsresa","status":"publish","type":"page","link":"https:\/\/lyhordahander.se\/index.php\/kroppsresa\/","title":{"rendered":"Kroppsresa"},"content":{"rendered":"\t\t<div data-elementor-type=\"wp-page\" data-elementor-id=\"13\" class=\"elementor elementor-13\" data-elementor-settings=\"[]\">\n\t\t\t\t\t\t\t<div class=\"elementor-section-wrap\">\n\t\t\t\t\t\t\t<section class=\"elementor-section elementor-top-section elementor-element elementor-element-c3ae654 elementor-section-boxed elementor-section-height-default elementor-section-height-default\" data-id=\"c3ae654\" data-element_type=\"section\">\n\t\t\t\t\t\t<div class=\"elementor-container elementor-column-gap-default\">\n\t\t\t\t\t<div class=\"elementor-column elementor-col-100 elementor-top-column elementor-element elementor-element-ad429cb\" data-id=\"ad429cb\" data-element_type=\"column\">\n\t\t\t<div class=\"elementor-widget-wrap elementor-element-populated\">\n\t\t\t\t\t\t\t\t<div class=\"elementor-element elementor-element-b1ceffe elementor-widget elementor-widget-text-editor\" data-id=\"b1ceffe\" data-element_type=\"widget\" data-widget_type=\"text-editor.default\">\n\t\t\t\t<div class=\"elementor-widget-container\">\n\t\t\t<style>\/*! elementor - v3.5.1 - 20-12-2021 *\/\n.elementor-widget-text-editor.elementor-drop-cap-view-stacked .elementor-drop-cap{background-color:#818a91;color:#fff}.elementor-widget-text-editor.elementor-drop-cap-view-framed .elementor-drop-cap{color:#818a91;border:3px solid;background-color:transparent}.elementor-widget-text-editor:not(.elementor-drop-cap-view-default) .elementor-drop-cap{margin-top:8px}.elementor-widget-text-editor:not(.elementor-drop-cap-view-default) .elementor-drop-cap-letter{width:1em;height:1em}.elementor-widget-text-editor .elementor-drop-cap{float:left;text-align:center;line-height:1;font-size:50px}.elementor-widget-text-editor .elementor-drop-cap-letter{display:inline-block}<\/style>\t\t\t\t<p>V\u00e4lkommen till en plats d\u00e4r din komfort och v\u00e4lm\u00e5ende \u00e4r v\u00e5r h\u00f6gsta prioritet. Hos oss p\u00e5 Lyh\u00f6rda H\u00e4nder str\u00e4var vi efter att skapa en trygg och avslappnad milj\u00f6 d\u00e4r varje individ kan k\u00e4nna sig v\u00e4lkommen och accepterad, oavsett ens kroppsresa eller personliga bakgrund.<\/p><p>Jag sj\u00e4lv har genomg\u00e5tt en betydande kroppsresa, dokumenterad med bilder som visar min viktminskning utan ingrepp. Vid v\u00e5ra m\u00f6ten, vare sig det \u00e4r via personliga meddelanden eller vid din massagebehandling, \u00e4r du mer \u00e4n v\u00e4lkommen att st\u00e4lla fr\u00e5gor om min resa och erfarenhet.<\/p><p>F\u00f6r m\u00e5nga kan det vara en trygghet att veta att jag, som din mass\u00f6r, utforskar v\u00e4rlden med fyra sinnen ist\u00e4llet f\u00f6r fem. Det inneb\u00e4r att du kan slappna av och vara dig sj\u00e4lv utan r\u00e4dsla f\u00f6r att k\u00e4nna dig uttittad eller bed\u00f6md n\u00e4r du bes\u00f6ker v\u00e5r lokal. Kommunikationen sker smidigt utan behovet av \u00f6gonkontakt, s\u00e5 du kan k\u00e4nna dig helt avslappnad och bekv\u00e4m under din behandling.<\/p><p>Vi f\u00f6rst\u00e5r att varje individ har olika behov och \u00f6nskem\u00e5l n\u00e4r det g\u00e4ller samtal under massage. Hos oss \u00e4r det du som kund som har kontrollen. Du kan v\u00e4lja att sm\u00e5prata under behandlingen eller njuta av tystnaden och f\u00f6rdjupa dig i din inre frid. I en v\u00e4rld d\u00e4r allt r\u00f6r sig snabbt och kraven \u00e4r h\u00f6ga, \u00e4r v\u00e5r lokal en plats d\u00e4r tiden st\u00e5r stilla och d\u00e4r du inte beh\u00f6ver prestera. Sl\u00e4pp kontrollen och l\u00e5t oss guida dig till en stunds total avkoppling och v\u00e4lbefinnande.<\/p><p>F\u00f6r dig som kanske k\u00e4mpar med k\u00e4nslor av skam kring din kropp eller andra utmaningar relaterade till h\u00e4lsa och v\u00e4lm\u00e5ende, \u00e4r du inte ensam. Jag ser inte dig genom dina yttre attribut, utan lyssnar ist\u00e4llet till dina behov och st\u00f6ttar dig genom samtal och v\u00e4gledning. H\u00e4lsa handlar om s\u00e5 mycket mer \u00e4n bara fysisk tr\u00e4ning och kost, det handlar om att hitta balans i sinnet och sj\u00e4len.<\/p><p>Om du l\u00e4ngtar efter \u00f6kat v\u00e4lm\u00e5ende, sj\u00e4lvf\u00f6rtroende och tillit, eller om du k\u00e4nner dig fast i gamla m\u00f6nster och beh\u00f6ver v\u00e4gledning f\u00f6r f\u00f6r\u00e4ndring, \u00e4r jag h\u00e4r f\u00f6r dig. Vi kan ha djupg\u00e5ende samtal om allt fr\u00e5n kost och tr\u00e4ning till beroendeproblematik, med min personliga erfarenhet av att ha \u00f6verkommit ett sockerberoende som ett extra st\u00f6d.<\/p>\t\t\t\t\t\t<\/div>\n\t\t\t\t<\/div>\n\t\t\t\t<div class=\"elementor-element elementor-element-cac1061 elementor-widget elementor-widget-image\" data-id=\"cac1061\" data-element_type=\"widget\" data-widget_type=\"image.default\">\n\t\t\t\t<div class=\"elementor-widget-container\">\n\t\t\t<style>\/*! elementor - v3.5.1 - 20-12-2021 *\/\n.elementor-widget-image{text-align:center}.elementor-widget-image a{display:inline-block}.elementor-widget-image a img[src$=\".svg\"]{width:48px}.elementor-widget-image img{vertical-align:middle;display:inline-block}<\/style>\t\t\t\t\t\t\t\t\t\t\t\t<img loading=\"lazy\" decoding=\"async\" width=\"800\" height=\"800\" src=\"https:\/\/lyhordahander.se\/wp-content\/uploads\/2023\/09\/IMG_0120-1024x1024.jpeg\" class=\"attachment-large size-large\" alt=\"Helkroppsbild p\u00e5 mig f\u00f6re och efter min kroppsresa.\" srcset=\"https:\/\/lyhordahander.se\/wp-content\/uploads\/2023\/09\/IMG_0120-1024x1024.jpeg 1024w, https:\/\/lyhordahander.se\/wp-content\/uploads\/2023\/09\/IMG_0120-300x300.jpeg 300w, https:\/\/lyhordahander.se\/wp-content\/uploads\/2023\/09\/IMG_0120-150x150.jpeg 150w, https:\/\/lyhordahander.se\/wp-content\/uploads\/2023\/09\/IMG_0120-768x768.jpeg 768w, https:\/\/lyhordahander.se\/wp-content\/uploads\/2023\/09\/IMG_0120-1536x1536.jpeg 1536w, https:\/\/lyhordahander.se\/wp-content\/uploads\/2023\/09\/IMG_0120.jpeg 1920w\" sizes=\"auto, (max-width: 800px) 100vw, 800px\" \/>\t\t\t\t\t\t\t\t\t\t\t\t\t\t\t<\/div>\n\t\t\t\t<\/div>\n\t\t\t\t\t<\/div>\n\t\t<\/div>\n\t\t\t\t\t\t\t<\/div>\n\t\t<\/section>\n\t\t\t\t\t\t<\/div>\n\t\t\t\t\t<\/div>\n\t\t","protected":false},"excerpt":{"rendered":"<p>V\u00e4lkommen till en plats d\u00e4r din komfort och v\u00e4lm\u00e5ende \u00e4r v\u00e5r h\u00f6gsta prioritet. Hos oss p\u00e5 Lyh\u00f6rda H\u00e4nder str\u00e4var vi efter att skapa en trygg och avslappnad milj\u00f6 d\u00e4r varje individ kan k\u00e4nna sig v\u00e4lkommen och accepterad, oavsett ens kroppsresa eller personliga bakgrund. Jag sj\u00e4lv har genomg\u00e5tt en betydande kroppsresa, dokumenterad med bilder som visar [&hellip;]<\/p>\n","protected":false},"author":1,"featured_media":0,"parent":0,"menu_order":0,"comment_status":"closed","ping_status":"closed","template":"","meta":{"footnotes":""},"class_list":["post-13","page","type-page","status-publish","hentry"],"yoast_head":"<!-- This site is optimized with the Yoast SEO plugin v21.1 - https:\/\/yoast.com\/wordpress\/plugins\/seo\/ -->\n<title>L\u00e4s om min kroppsresa | G\u00e5 ner i vikt h\u00e4lsosamt<\/title>\n<meta name=\"description\" content=\"Var med om en kroppsresa | G\u00e5 ner i vikt h\u00e4lsosamt med Katarinas Massage\" \/>\n<meta name=\"robots\" content=\"index, follow, max-snippet:-1, max-image-preview:large, max-video-preview:-1\" \/>\n<link rel=\"canonical\" href=\"https:\/\/lyhordahander.se\/index.php\/kroppsresa\/\" \/>\n<meta property=\"og:locale\" content=\"sv_SE\" \/>\n<meta property=\"og:type\" content=\"article\" \/>\n<meta property=\"og:title\" content=\"L\u00e4s om min kroppsresa | G\u00e5 ner i vikt h\u00e4lsosamt\" \/>\n<meta property=\"og:description\" content=\"Var med om en kroppsresa | G\u00e5 ner i vikt h\u00e4lsosamt med Katarinas Massage\" \/>\n<meta property=\"og:url\" content=\"https:\/\/lyhordahander.se\/index.php\/kroppsresa\/\" \/>\n<meta property=\"og:site_name\" content=\"Lyh\u00f6rda H\u00e4nder\" \/>\n<meta property=\"article:publisher\" content=\"https:\/\/www.facebook.com\/kattansmassage\" \/>\n<meta property=\"article:modified_time\" content=\"2024-05-04T08:19:38+00:00\" \/>\n<meta property=\"og:image\" content=\"https:\/\/lyhordahander.se\/wp-content\/uploads\/2023\/09\/IMG_0120-1024x1024.jpeg\" \/>\n<meta name=\"twitter:card\" content=\"summary_large_image\" \/>\n<meta name=\"twitter:label1\" content=\"Ber\u00e4knad l\u00e4stid\" \/>\n\t<meta name=\"twitter:data1\" content=\"3 minuter\" \/>\n<script type=\"application\/ld+json\" class=\"yoast-schema-graph\">{\"@context\":\"https:\/\/schema.org\",\"@graph\":[{\"@type\":\"WebPage\",\"@id\":\"https:\/\/lyhordahander.se\/index.php\/kroppsresa\/\",\"url\":\"https:\/\/lyhordahander.se\/index.php\/kroppsresa\/\",\"name\":\"L\u00e4s om min kroppsresa | G\u00e5 ner i vikt h\u00e4lsosamt\",\"isPartOf\":{\"@id\":\"https:\/\/lyhordahander.se\/#website\"},\"datePublished\":\"2023-09-15T19:05:34+00:00\",\"dateModified\":\"2024-05-04T08:19:38+00:00\",\"description\":\"Var med om en kroppsresa | G\u00e5 ner i vikt h\u00e4lsosamt med Katarinas Massage\",\"breadcrumb\":{\"@id\":\"https:\/\/lyhordahander.se\/index.php\/kroppsresa\/#breadcrumb\"},\"inLanguage\":\"sv-SE\",\"potentialAction\":[{\"@type\":\"ReadAction\",\"target\":[\"https:\/\/lyhordahander.se\/index.php\/kroppsresa\/\"]}]},{\"@type\":\"BreadcrumbList\",\"@id\":\"https:\/\/lyhordahander.se\/index.php\/kroppsresa\/#breadcrumb\",\"itemListElement\":[{\"@type\":\"ListItem\",\"position\":1,\"name\":\"Hem\",\"item\":\"https:\/\/lyhordahander.se\/\"},{\"@type\":\"ListItem\",\"position\":2,\"name\":\"Kroppsresa\"}]},{\"@type\":\"WebSite\",\"@id\":\"https:\/\/lyhordahander.se\/#website\",\"url\":\"https:\/\/lyhordahander.se\/\",\"name\":\"Lyh\u00f6rda H\u00e4nder\",\"description\":\"\",\"publisher\":{\"@id\":\"https:\/\/lyhordahander.se\/#organization\"},\"potentialAction\":[{\"@type\":\"SearchAction\",\"target\":{\"@type\":\"EntryPoint\",\"urlTemplate\":\"https:\/\/lyhordahander.se\/?s={search_term_string}\"},\"query-input\":\"required name=search_term_string\"}],\"inLanguage\":\"sv-SE\"},{\"@type\":[\"Organization\",\"Place\"],\"@id\":\"https:\/\/lyhordahander.se\/#organization\",\"name\":\"Lyh\u00f6rda H\u00e4nder\",\"url\":\"https:\/\/lyhordahander.se\/\",\"logo\":{\"@id\":\"https:\/\/lyhordahander.se\/index.php\/kroppsresa\/#local-main-organization-logo\"},\"image\":{\"@id\":\"https:\/\/lyhordahander.se\/index.php\/kroppsresa\/#local-main-organization-logo\"},\"sameAs\":[\"https:\/\/www.facebook.com\/kattansmassage\"],\"address\":{\"@id\":\"https:\/\/lyhordahander.se\/index.php\/kroppsresa\/#local-main-place-address\"},\"openingHoursSpecification\":[{\"@type\":\"OpeningHoursSpecification\",\"dayOfWeek\":[\"Monday\",\"Tuesday\",\"Wednesday\",\"Thursday\",\"Friday\",\"Saturday\",\"Sunday\"],\"opens\":\"09:00\",\"closes\":\"17:00\"}],\"email\":\"info@lyhordahander.se\",\"areaServed\":\"Stockholm\"},{\"@type\":\"PostalAddress\",\"@id\":\"https:\/\/lyhordahander.se\/index.php\/kroppsresa\/#local-main-place-address\",\"streetAddress\":\"Sandborgsv\u00e4gen 52\",\"addressLocality\":\"Enskede\",\"postalCode\":\"12233\",\"addressCountry\":\"SE\"},{\"@type\":\"ImageObject\",\"inLanguage\":\"sv-SE\",\"@id\":\"https:\/\/lyhordahander.se\/index.php\/kroppsresa\/#local-main-organization-logo\",\"url\":\"https:\/\/lyhordahander.se\/wp-content\/uploads\/2023\/09\/Rityta-1-1.png\",\"contentUrl\":\"https:\/\/lyhordahander.se\/wp-content\/uploads\/2023\/09\/Rityta-1-1.png\",\"width\":705,\"height\":279,\"caption\":\"Lyh\u00f6rda H\u00e4nder\"}]}<\/script>\n<meta name=\"geo.placename\" content=\"Enskede\" \/>\n<meta name=\"geo.region\" content=\"Sverige\" \/>\n<!-- \/ Yoast SEO plugin. -->","yoast_head_json":{"title":"L\u00e4s om min kroppsresa | G\u00e5 ner i vikt h\u00e4lsosamt","description":"Var med om en kroppsresa | G\u00e5 ner i vikt h\u00e4lsosamt med Katarinas Massage","robots":{"index":"index","follow":"follow","max-snippet":"max-snippet:-1","max-image-preview":"max-image-preview:large","max-video-preview":"max-video-preview:-1"},"canonical":"https:\/\/lyhordahander.se\/index.php\/kroppsresa\/","og_locale":"sv_SE","og_type":"article","og_title":"L\u00e4s om min kroppsresa | G\u00e5 ner i vikt h\u00e4lsosamt","og_description":"Var med om en kroppsresa | G\u00e5 ner i vikt h\u00e4lsosamt med Katarinas Massage","og_url":"https:\/\/lyhordahander.se\/index.php\/kroppsresa\/","og_site_name":"Lyh\u00f6rda H\u00e4nder","article_publisher":"https:\/\/www.facebook.com\/kattansmassage","article_modified_time":"2024-05-04T08:19:38+00:00","og_image":[{"url":"https:\/\/lyhordahander.se\/wp-content\/uploads\/2023\/09\/IMG_0120-1024x1024.jpeg"}],"twitter_card":"summary_large_image","twitter_misc":{"Ber\u00e4knad l\u00e4stid":"3 minuter"},"schema":{"@context":"https:\/\/schema.org","@graph":[{"@type":"WebPage","@id":"https:\/\/lyhordahander.se\/index.php\/kroppsresa\/","url":"https:\/\/lyhordahander.se\/index.php\/kroppsresa\/","name":"L\u00e4s om min kroppsresa | G\u00e5 ner i vikt h\u00e4lsosamt","isPartOf":{"@id":"https:\/\/lyhordahander.se\/#website"},"datePublished":"2023-09-15T19:05:34+00:00","dateModified":"2024-05-04T08:19:38+00:00","description":"Var med om en kroppsresa | G\u00e5 ner i vikt h\u00e4lsosamt med Katarinas Massage","breadcrumb":{"@id":"https:\/\/lyhordahander.se\/index.php\/kroppsresa\/#breadcrumb"},"inLanguage":"sv-SE","potentialAction":[{"@type":"ReadAction","target":["https:\/\/lyhordahander.se\/index.php\/kroppsresa\/"]}]},{"@type":"BreadcrumbList","@id":"https:\/\/lyhordahander.se\/index.php\/kroppsresa\/#breadcrumb","itemListElement":[{"@type":"ListItem","position":1,"name":"Hem","item":"https:\/\/lyhordahander.se\/"},{"@type":"ListItem","position":2,"name":"Kroppsresa"}]},{"@type":"WebSite","@id":"https:\/\/lyhordahander.se\/#website","url":"https:\/\/lyhordahander.se\/","name":"Lyh\u00f6rda H\u00e4nder","description":"","publisher":{"@id":"https:\/\/lyhordahander.se\/#organization"},"potentialAction":[{"@type":"SearchAction","target":{"@type":"EntryPoint","urlTemplate":"https:\/\/lyhordahander.se\/?s={search_term_string}"},"query-input":"required name=search_term_string"}],"inLanguage":"sv-SE"},{"@type":["Organization","Place"],"@id":"https:\/\/lyhordahander.se\/#organization","name":"Lyh\u00f6rda H\u00e4nder","url":"https:\/\/lyhordahander.se\/","logo":{"@id":"https:\/\/lyhordahander.se\/index.php\/kroppsresa\/#local-main-organization-logo"},"image":{"@id":"https:\/\/lyhordahander.se\/index.php\/kroppsresa\/#local-main-organization-logo"},"sameAs":["https:\/\/www.facebook.com\/kattansmassage"],"address":{"@id":"https:\/\/lyhordahander.se\/index.php\/kroppsresa\/#local-main-place-address"},"openingHoursSpecification":[{"@type":"OpeningHoursSpecification","dayOfWeek":["Monday","Tuesday","Wednesday","Thursday","Friday","Saturday","Sunday"],"opens":"09:00","closes":"17:00"}],"email":"info@lyhordahander.se","areaServed":"Stockholm"},{"@type":"PostalAddress","@id":"https:\/\/lyhordahander.se\/index.php\/kroppsresa\/#local-main-place-address","streetAddress":"Sandborgsv\u00e4gen 52","addressLocality":"Enskede","postalCode":"12233","addressCountry":"SE"},{"@type":"ImageObject","inLanguage":"sv-SE","@id":"https:\/\/lyhordahander.se\/index.php\/kroppsresa\/#local-main-organization-logo","url":"https:\/\/lyhordahander.se\/wp-content\/uploads\/2023\/09\/Rityta-1-1.png","contentUrl":"https:\/\/lyhordahander.se\/wp-content\/uploads\/2023\/09\/Rityta-1-1.png","width":705,"height":279,"caption":"Lyh\u00f6rda H\u00e4nder"}]}},"_links":{"self":[{"href":"https:\/\/lyhordahander.se\/index.php\/wp-json\/wp\/v2\/pages\/13","targetHints":{"allow":["GET"]}}],"collection":[{"href":"https:\/\/lyhordahander.se\/index.php\/wp-json\/wp\/v2\/pages"}],"about":[{"href":"https:\/\/lyhordahander.se\/index.php\/wp-json\/wp\/v2\/types\/page"}],"author":[{"embeddable":true,"href":"https:\/\/lyhordahander.se\/index.php\/wp-json\/wp\/v2\/users\/1"}],"replies":[{"embeddable":true,"href":"https:\/\/lyhordahander.se\/index.php\/wp-json\/wp\/v2\/comments?post=13"}],"version-history":[{"count":22,"href":"https:\/\/lyhordahander.se\/index.php\/wp-json\/wp\/v2\/pages\/13\/revisions"}],"predecessor-version":[{"id":164,"href":"https:\/\/lyhordahander.se\/index.php\/wp-json\/wp\/v2\/pages\/13\/revisions\/164"}],"wp:attachment":[{"href":"https:\/\/lyhordahander.se\/index.php\/wp-json\/wp\/v2\/media?parent=13"}],"curies":[{"name":"wp","href":"https:\/\/api.w.org\/{rel}","templated":true}]}}