{"id":19,"date":"2023-09-15T19:07:15","date_gmt":"2023-09-15T19:07:15","guid":{"rendered":"https:\/\/test2.rjwebb.se\/?page_id=19"},"modified":"2023-09-15T19:37:16","modified_gmt":"2023-09-15T19:37:16","slug":"nyheter","status":"publish","type":"page","link":"https:\/\/lyhordahander.se\/index.php\/nyheter\/","title":{"rendered":"Nyheter"},"content":{"rendered":"\t\t<div data-elementor-type=\"wp-page\" data-elementor-id=\"19\" class=\"elementor elementor-19\" data-elementor-settings=\"[]\">\n\t\t\t\t\t\t\t<div class=\"elementor-section-wrap\">\n\t\t\t\t\t\t\t<section class=\"elementor-section elementor-top-section elementor-element elementor-element-450256c elementor-section-boxed elementor-section-height-default elementor-section-height-default\" data-id=\"450256c\" data-element_type=\"section\">\n\t\t\t\t\t\t<div class=\"elementor-container elementor-column-gap-default\">\n\t\t\t\t\t<div class=\"elementor-column elementor-col-100 elementor-top-column elementor-element elementor-element-ce9bb13\" data-id=\"ce9bb13\" data-element_type=\"column\">\n\t\t\t<div class=\"elementor-widget-wrap elementor-element-populated\">\n\t\t\t\t\t\t\t\t<div class=\"elementor-element elementor-element-9c7d302 elementor-posts--thumbnail-none elementor-grid-3 elementor-grid-tablet-2 elementor-grid-mobile-1 elementor-card-shadow-yes elementor-posts__hover-gradient elementor-widget elementor-widget-posts\" data-id=\"9c7d302\" data-element_type=\"widget\" data-settings=\"{&quot;cards_columns&quot;:&quot;3&quot;,&quot;cards_columns_tablet&quot;:&quot;2&quot;,&quot;cards_columns_mobile&quot;:&quot;1&quot;,&quot;cards_row_gap&quot;:{&quot;unit&quot;:&quot;px&quot;,&quot;size&quot;:35,&quot;sizes&quot;:[]},&quot;cards_row_gap_tablet&quot;:{&quot;unit&quot;:&quot;px&quot;,&quot;size&quot;:&quot;&quot;,&quot;sizes&quot;:[]},&quot;cards_row_gap_mobile&quot;:{&quot;unit&quot;:&quot;px&quot;,&quot;size&quot;:&quot;&quot;,&quot;sizes&quot;:[]}}\" data-widget_type=\"posts.cards\">\n\t\t\t\t<div class=\"elementor-widget-container\">\n\t\t\t<link rel=\"stylesheet\" href=\"https:\/\/lyhordahander.se\/wp-content\/plugins\/elementor-pro\/assets\/css\/widget-posts.min.css\">\t\t<div class=\"elementor-posts-container elementor-posts elementor-posts--skin-cards elementor-grid\">\n\t\t\t\t<article class=\"elementor-post elementor-grid-item post-224 post type-post status-publish format-standard hentry category-nyheter\">\n\t\t\t<div class=\"elementor-post__card\">\n\t\t\t\t<div class=\"elementor-post__text\">\n\t\t\t\t<h3 class=\"elementor-post__title\">\n\t\t\t<a href=\"https:\/\/lyhordahander.se\/index.php\/2025\/06\/23\/du-som-har-friskvardsbidrag\/\" >\n\t\t\t\tDu som har friskv\u00e5rdsbidrag\t\t\t<\/a>\n\t\t<\/h3>\n\t\t\t\t<div class=\"elementor-post__excerpt\">\n\t\t\t<p>Nu har det g\u00e5tt ett halv\u00e5r igen \u2013 du som har friskv\u00e5rdsbidrag beh\u00f6ver anv\u00e4nda det senast den 31 december. Skatteverket till\u00e5ter inte att spara behandlingar<\/p>\n\t\t<\/div>\n\t\t\t\t\t<a class=\"elementor-post__read-more\" href=\"https:\/\/lyhordahander.se\/index.php\/2025\/06\/23\/du-som-har-friskvardsbidrag\/\" >\n\t\t\t\tL\u00e4s mer \u00bb\t\t\t<\/a>\n\t\t\t\t<\/div>\n\t\t\t\t<div class=\"elementor-post__meta-data\">\n\t\t\t\t\t<span class=\"elementor-post-date\">\n\t\t\tjuni 23, 2025\t\t<\/span>\n\t\t\t\t<\/div>\n\t\t\t\t\t<\/div>\n\t\t<\/article>\n\t\t\t\t<article class=\"elementor-post elementor-grid-item post-211 post type-post status-publish format-standard hentry category-nyheter\">\n\t\t\t<div class=\"elementor-post__card\">\n\t\t\t\t<div class=\"elementor-post__text\">\n\t\t\t\t<h3 class=\"elementor-post__title\">\n\t\t\t<a href=\"https:\/\/lyhordahander.se\/index.php\/2025\/04\/10\/rosenbehandling-beror-pa-djupet\/\" >\n\t\t\t\tRosenbehandling \u2013ber\u00f6r p\u00e5 djupet\t\t\t<\/a>\n\t\t<\/h3>\n\t\t\t\t<div class=\"elementor-post__excerpt\">\n\t\t\t<p>Jag har just b\u00f6rjat min praktik f\u00f6r att bli certifierad rosenterapeut och h\u00e4lsar dig v\u00e4lkommen att pr\u00f6va p\u00e5 en rosenbehandling. Du f\u00e5r ett bra pris<\/p>\n\t\t<\/div>\n\t\t\t\t\t<a class=\"elementor-post__read-more\" href=\"https:\/\/lyhordahander.se\/index.php\/2025\/04\/10\/rosenbehandling-beror-pa-djupet\/\" >\n\t\t\t\tL\u00e4s mer \u00bb\t\t\t<\/a>\n\t\t\t\t<\/div>\n\t\t\t\t<div class=\"elementor-post__meta-data\">\n\t\t\t\t\t<span class=\"elementor-post-date\">\n\t\t\tapril 10, 2025\t\t<\/span>\n\t\t\t\t<\/div>\n\t\t\t\t\t<\/div>\n\t\t<\/article>\n\t\t\t\t<article class=\"elementor-post elementor-grid-item post-189 post type-post status-publish format-standard hentry category-nyheter\">\n\t\t\t<div class=\"elementor-post__card\">\n\t\t\t\t<div class=\"elementor-post__text\">\n\t\t\t\t<h3 class=\"elementor-post__title\">\n\t\t\t<a href=\"https:\/\/lyhordahander.se\/index.php\/2025\/01\/12\/aret-som-gatt\/\" >\n\t\t\t\t\u00c5ret som g\u00e5tt\t\t\t<\/a>\n\t\t<\/h3>\n\t\t\t\t<div class=\"elementor-post__excerpt\">\n\t\t\t<p>\u00c5r 2024 har varit ett \u00e5r d\u00e5 fler kunder har kommit till mig f\u00f6r att f\u00e5 en avkopplande sm\u00e4rtlindrande massage. M\u00e5nga av er har kommit<\/p>\n\t\t<\/div>\n\t\t\t\t\t<a class=\"elementor-post__read-more\" href=\"https:\/\/lyhordahander.se\/index.php\/2025\/01\/12\/aret-som-gatt\/\" >\n\t\t\t\tL\u00e4s mer \u00bb\t\t\t<\/a>\n\t\t\t\t<\/div>\n\t\t\t\t<div class=\"elementor-post__meta-data\">\n\t\t\t\t\t<span class=\"elementor-post-date\">\n\t\t\tjanuari 12, 2025\t\t<\/span>\n\t\t\t\t<\/div>\n\t\t\t\t\t<\/div>\n\t\t<\/article>\n\t\t\t\t<article class=\"elementor-post elementor-grid-item post-186 post type-post status-publish format-standard hentry category-nyheter\">\n\t\t\t<div class=\"elementor-post__card\">\n\t\t\t\t<div class=\"elementor-post__text\">\n\t\t\t\t<h3 class=\"elementor-post__title\">\n\t\t\t<a href=\"https:\/\/lyhordahander.se\/index.php\/2024\/11\/03\/nyhetsbrev-host-2024\/\" >\n\t\t\t\tNyhetsbrev h\u00f6st 2024\t\t\t<\/a>\n\t\t<\/h3>\n\t\t\t\t<div class=\"elementor-post__excerpt\">\n\t\t\t<p>H\u00f6sten \u00e4r inte slut \u00e4n, s\u00e5 man kan s\u00e4ga att detta \u00e4r ett nyhetsbrev f\u00f6r den d\u00e4r h\u00e4rliga b\u00f6rjan p\u00e5 h\u00f6sten, med alla dess dofter<\/p>\n\t\t<\/div>\n\t\t\t\t\t<a class=\"elementor-post__read-more\" href=\"https:\/\/lyhordahander.se\/index.php\/2024\/11\/03\/nyhetsbrev-host-2024\/\" >\n\t\t\t\tL\u00e4s mer \u00bb\t\t\t<\/a>\n\t\t\t\t<\/div>\n\t\t\t\t<div class=\"elementor-post__meta-data\">\n\t\t\t\t\t<span class=\"elementor-post-date\">\n\t\t\tnovember 3, 2024\t\t<\/span>\n\t\t\t\t<\/div>\n\t\t\t\t\t<\/div>\n\t\t<\/article>\n\t\t\t\t<article class=\"elementor-post elementor-grid-item post-183 post type-post status-publish format-standard hentry category-nyheter\">\n\t\t\t<div class=\"elementor-post__card\">\n\t\t\t\t<div class=\"elementor-post__text\">\n\t\t\t\t<h3 class=\"elementor-post__title\">\n\t\t\t<a href=\"https:\/\/lyhordahander.se\/index.php\/2024\/09\/25\/nyhetsbrev-augusti\/\" >\n\t\t\t\tNyhetsbrev Augusti\t\t\t<\/a>\n\t\t<\/h3>\n\t\t\t\t<div class=\"elementor-post__excerpt\">\n\t\t\t<p>Den h\u00e4r g\u00e5ngen vill jag rekommendera lymfmassage bra f\u00f6r dig som har f\u00e5tt svullna ben och f\u00f6tter i sommarv\u00e4rmen. Du som f\u00e5tt \u00f6dem i armen<\/p>\n\t\t<\/div>\n\t\t\t\t\t<a class=\"elementor-post__read-more\" href=\"https:\/\/lyhordahander.se\/index.php\/2024\/09\/25\/nyhetsbrev-augusti\/\" >\n\t\t\t\tL\u00e4s mer \u00bb\t\t\t<\/a>\n\t\t\t\t<\/div>\n\t\t\t\t<div class=\"elementor-post__meta-data\">\n\t\t\t\t\t<span class=\"elementor-post-date\">\n\t\t\tseptember 25, 2024\t\t<\/span>\n\t\t\t\t<\/div>\n\t\t\t\t\t<\/div>\n\t\t<\/article>\n\t\t\t\t<article class=\"elementor-post elementor-grid-item post-166 post type-post status-publish format-standard hentry category-nyheter\">\n\t\t\t<div class=\"elementor-post__card\">\n\t\t\t\t<div class=\"elementor-post__text\">\n\t\t\t\t<h3 class=\"elementor-post__title\">\n\t\t\t<a href=\"https:\/\/lyhordahander.se\/index.php\/2024\/05\/31\/nyhetsbrev-juni\/\" >\n\t\t\t\tNyhetsbrev juni\t\t\t<\/a>\n\t\t<\/h3>\n\t\t\t\t<div class=\"elementor-post__excerpt\">\n\t\t\t<p>S\u00e5 \u00e4r sommaren i full blom, maj har inneburit b\u00e5de sn\u00f6blandat regn och h\u00f6gsommarv\u00e4der h\u00e4r i Stockholm. Kanske har du semester snart och hinner unna<\/p>\n\t\t<\/div>\n\t\t\t\t\t<a class=\"elementor-post__read-more\" href=\"https:\/\/lyhordahander.se\/index.php\/2024\/05\/31\/nyhetsbrev-juni\/\" >\n\t\t\t\tL\u00e4s mer \u00bb\t\t\t<\/a>\n\t\t\t\t<\/div>\n\t\t\t\t<div class=\"elementor-post__meta-data\">\n\t\t\t\t\t<span class=\"elementor-post-date\">\n\t\t\tmaj 31, 2024\t\t<\/span>\n\t\t\t\t<\/div>\n\t\t\t\t\t<\/div>\n\t\t<\/article>\n\t\t\t\t<\/div>\n\n\n\t\t\n\t\t\t\t<\/div>\n\t\t\t\t<\/div>\n\t\t\t\t\t<\/div>\n\t\t<\/div>\n\t\t\t\t\t\t\t<\/div>\n\t\t<\/section>\n\t\t\t\t\t\t<\/div>\n\t\t\t\t\t<\/div>\n\t\t","protected":false},"excerpt":{"rendered":"","protected":false},"author":1,"featured_media":0,"parent":0,"menu_order":0,"comment_status":"closed","ping_status":"closed","template":"","meta":{"footnotes":""},"class_list":["post-19","page","type-page","status-publish","hentry"],"yoast_head":"<!-- This site is optimized with the Yoast SEO plugin v21.1 - https:\/\/yoast.com\/wordpress\/plugins\/seo\/ -->\n<title>Nyheter | Katarinas Massage | Lyh\u00f6rda H\u00e4nder<\/title>\n<meta name=\"description\" content=\"Senaste nytt om massage | Lyh\u00f6rda H\u00e4nder | Katarinas massage\" \/>\n<meta name=\"robots\" content=\"index, follow, max-snippet:-1, max-image-preview:large, max-video-preview:-1\" \/>\n<link rel=\"canonical\" href=\"https:\/\/lyhordahander.se\/index.php\/nyheter\/\" \/>\n<meta property=\"og:locale\" content=\"sv_SE\" \/>\n<meta property=\"og:type\" content=\"article\" \/>\n<meta property=\"og:title\" content=\"Nyheter | Katarinas Massage | Lyh\u00f6rda H\u00e4nder\" \/>\n<meta property=\"og:description\" content=\"Senaste nytt om massage | Lyh\u00f6rda H\u00e4nder | Katarinas massage\" \/>\n<meta property=\"og:url\" content=\"https:\/\/lyhordahander.se\/index.php\/nyheter\/\" \/>\n<meta property=\"og:site_name\" content=\"Lyh\u00f6rda H\u00e4nder\" \/>\n<meta property=\"article:publisher\" content=\"https:\/\/www.facebook.com\/kattansmassage\" \/>\n<meta property=\"article:modified_time\" content=\"2023-09-15T19:37:16+00:00\" \/>\n<meta name=\"twitter:card\" content=\"summary_large_image\" \/>\n<script type=\"application\/ld+json\" class=\"yoast-schema-graph\">{\"@context\":\"https:\/\/schema.org\",\"@graph\":[{\"@type\":\"WebPage\",\"@id\":\"https:\/\/lyhordahander.se\/index.php\/nyheter\/\",\"url\":\"https:\/\/lyhordahander.se\/index.php\/nyheter\/\",\"name\":\"Nyheter | Katarinas Massage | Lyh\u00f6rda H\u00e4nder\",\"isPartOf\":{\"@id\":\"https:\/\/lyhordahander.se\/#website\"},\"datePublished\":\"2023-09-15T19:07:15+00:00\",\"dateModified\":\"2023-09-15T19:37:16+00:00\",\"description\":\"Senaste nytt om massage | Lyh\u00f6rda H\u00e4nder | Katarinas massage\",\"breadcrumb\":{\"@id\":\"https:\/\/lyhordahander.se\/index.php\/nyheter\/#breadcrumb\"},\"inLanguage\":\"sv-SE\",\"potentialAction\":[{\"@type\":\"ReadAction\",\"target\":[\"https:\/\/lyhordahander.se\/index.php\/nyheter\/\"]}]},{\"@type\":\"BreadcrumbList\",\"@id\":\"https:\/\/lyhordahander.se\/index.php\/nyheter\/#breadcrumb\",\"itemListElement\":[{\"@type\":\"ListItem\",\"position\":1,\"name\":\"Hem\",\"item\":\"https:\/\/lyhordahander.se\/\"},{\"@type\":\"ListItem\",\"position\":2,\"name\":\"Nyheter\"}]},{\"@type\":\"WebSite\",\"@id\":\"https:\/\/lyhordahander.se\/#website\",\"url\":\"https:\/\/lyhordahander.se\/\",\"name\":\"Lyh\u00f6rda H\u00e4nder\",\"description\":\"\",\"publisher\":{\"@id\":\"https:\/\/lyhordahander.se\/#organization\"},\"potentialAction\":[{\"@type\":\"SearchAction\",\"target\":{\"@type\":\"EntryPoint\",\"urlTemplate\":\"https:\/\/lyhordahander.se\/?s={search_term_string}\"},\"query-input\":\"required name=search_term_string\"}],\"inLanguage\":\"sv-SE\"},{\"@type\":[\"Organization\",\"Place\"],\"@id\":\"https:\/\/lyhordahander.se\/#organization\",\"name\":\"Lyh\u00f6rda H\u00e4nder\",\"url\":\"https:\/\/lyhordahander.se\/\",\"logo\":{\"@id\":\"https:\/\/lyhordahander.se\/index.php\/nyheter\/#local-main-organization-logo\"},\"image\":{\"@id\":\"https:\/\/lyhordahander.se\/index.php\/nyheter\/#local-main-organization-logo\"},\"sameAs\":[\"https:\/\/www.facebook.com\/kattansmassage\"],\"address\":{\"@id\":\"https:\/\/lyhordahander.se\/index.php\/nyheter\/#local-main-place-address\"},\"openingHoursSpecification\":[{\"@type\":\"OpeningHoursSpecification\",\"dayOfWeek\":[\"Monday\",\"Tuesday\",\"Wednesday\",\"Thursday\",\"Friday\",\"Saturday\",\"Sunday\"],\"opens\":\"09:00\",\"closes\":\"17:00\"}],\"email\":\"info@lyhordahander.se\",\"areaServed\":\"Stockholm\"},{\"@type\":\"PostalAddress\",\"@id\":\"https:\/\/lyhordahander.se\/index.php\/nyheter\/#local-main-place-address\",\"streetAddress\":\"Sandborgsv\u00e4gen 52\",\"addressLocality\":\"Enskede\",\"postalCode\":\"12233\",\"addressCountry\":\"SE\"},{\"@type\":\"ImageObject\",\"inLanguage\":\"sv-SE\",\"@id\":\"https:\/\/lyhordahander.se\/index.php\/nyheter\/#local-main-organization-logo\",\"url\":\"https:\/\/lyhordahander.se\/wp-content\/uploads\/2023\/09\/Rityta-1-1.png\",\"contentUrl\":\"https:\/\/lyhordahander.se\/wp-content\/uploads\/2023\/09\/Rityta-1-1.png\",\"width\":705,\"height\":279,\"caption\":\"Lyh\u00f6rda H\u00e4nder\"}]}<\/script>\n<meta name=\"geo.placename\" content=\"Enskede\" \/>\n<meta name=\"geo.region\" content=\"Sverige\" \/>\n<!-- \/ Yoast SEO plugin. -->","yoast_head_json":{"title":"Nyheter | Katarinas Massage | Lyh\u00f6rda H\u00e4nder","description":"Senaste nytt om massage | Lyh\u00f6rda H\u00e4nder | Katarinas massage","robots":{"index":"index","follow":"follow","max-snippet":"max-snippet:-1","max-image-preview":"max-image-preview:large","max-video-preview":"max-video-preview:-1"},"canonical":"https:\/\/lyhordahander.se\/index.php\/nyheter\/","og_locale":"sv_SE","og_type":"article","og_title":"Nyheter | Katarinas Massage | Lyh\u00f6rda H\u00e4nder","og_description":"Senaste nytt om massage | Lyh\u00f6rda H\u00e4nder | Katarinas massage","og_url":"https:\/\/lyhordahander.se\/index.php\/nyheter\/","og_site_name":"Lyh\u00f6rda H\u00e4nder","article_publisher":"https:\/\/www.facebook.com\/kattansmassage","article_modified_time":"2023-09-15T19:37:16+00:00","twitter_card":"summary_large_image","schema":{"@context":"https:\/\/schema.org","@graph":[{"@type":"WebPage","@id":"https:\/\/lyhordahander.se\/index.php\/nyheter\/","url":"https:\/\/lyhordahander.se\/index.php\/nyheter\/","name":"Nyheter | Katarinas Massage | Lyh\u00f6rda H\u00e4nder","isPartOf":{"@id":"https:\/\/lyhordahander.se\/#website"},"datePublished":"2023-09-15T19:07:15+00:00","dateModified":"2023-09-15T19:37:16+00:00","description":"Senaste nytt om massage | Lyh\u00f6rda H\u00e4nder | Katarinas massage","breadcrumb":{"@id":"https:\/\/lyhordahander.se\/index.php\/nyheter\/#breadcrumb"},"inLanguage":"sv-SE","potentialAction":[{"@type":"ReadAction","target":["https:\/\/lyhordahander.se\/index.php\/nyheter\/"]}]},{"@type":"BreadcrumbList","@id":"https:\/\/lyhordahander.se\/index.php\/nyheter\/#breadcrumb","itemListElement":[{"@type":"ListItem","position":1,"name":"Hem","item":"https:\/\/lyhordahander.se\/"},{"@type":"ListItem","position":2,"name":"Nyheter"}]},{"@type":"WebSite","@id":"https:\/\/lyhordahander.se\/#website","url":"https:\/\/lyhordahander.se\/","name":"Lyh\u00f6rda H\u00e4nder","description":"","publisher":{"@id":"https:\/\/lyhordahander.se\/#organization"},"potentialAction":[{"@type":"SearchAction","target":{"@type":"EntryPoint","urlTemplate":"https:\/\/lyhordahander.se\/?s={search_term_string}"},"query-input":"required name=search_term_string"}],"inLanguage":"sv-SE"},{"@type":["Organization","Place"],"@id":"https:\/\/lyhordahander.se\/#organization","name":"Lyh\u00f6rda H\u00e4nder","url":"https:\/\/lyhordahander.se\/","logo":{"@id":"https:\/\/lyhordahander.se\/index.php\/nyheter\/#local-main-organization-logo"},"image":{"@id":"https:\/\/lyhordahander.se\/index.php\/nyheter\/#local-main-organization-logo"},"sameAs":["https:\/\/www.facebook.com\/kattansmassage"],"address":{"@id":"https:\/\/lyhordahander.se\/index.php\/nyheter\/#local-main-place-address"},"openingHoursSpecification":[{"@type":"OpeningHoursSpecification","dayOfWeek":["Monday","Tuesday","Wednesday","Thursday","Friday","Saturday","Sunday"],"opens":"09:00","closes":"17:00"}],"email":"info@lyhordahander.se","areaServed":"Stockholm"},{"@type":"PostalAddress","@id":"https:\/\/lyhordahander.se\/index.php\/nyheter\/#local-main-place-address","streetAddress":"Sandborgsv\u00e4gen 52","addressLocality":"Enskede","postalCode":"12233","addressCountry":"SE"},{"@type":"ImageObject","inLanguage":"sv-SE","@id":"https:\/\/lyhordahander.se\/index.php\/nyheter\/#local-main-organization-logo","url":"https:\/\/lyhordahander.se\/wp-content\/uploads\/2023\/09\/Rityta-1-1.png","contentUrl":"https:\/\/lyhordahander.se\/wp-content\/uploads\/2023\/09\/Rityta-1-1.png","width":705,"height":279,"caption":"Lyh\u00f6rda H\u00e4nder"}]}},"_links":{"self":[{"href":"https:\/\/lyhordahander.se\/index.php\/wp-json\/wp\/v2\/pages\/19","targetHints":{"allow":["GET"]}}],"collection":[{"href":"https:\/\/lyhordahander.se\/index.php\/wp-json\/wp\/v2\/pages"}],"about":[{"href":"https:\/\/lyhordahander.se\/index.php\/wp-json\/wp\/v2\/types\/page"}],"author":[{"embeddable":true,"href":"https:\/\/lyhordahander.se\/index.php\/wp-json\/wp\/v2\/users\/1"}],"replies":[{"embeddable":true,"href":"https:\/\/lyhordahander.se\/index.php\/wp-json\/wp\/v2\/comments?post=19"}],"version-history":[{"count":4,"href":"https:\/\/lyhordahander.se\/index.php\/wp-json\/wp\/v2\/pages\/19\/revisions"}],"predecessor-version":[{"id":62,"href":"https:\/\/lyhordahander.se\/index.php\/wp-json\/wp\/v2\/pages\/19\/revisions\/62"}],"wp:attachment":[{"href":"https:\/\/lyhordahander.se\/index.php\/wp-json\/wp\/v2\/media?parent=19"}],"curies":[{"name":"wp","href":"https:\/\/api.w.org\/{rel}","templated":true}]}}